{"id":1121,"date":"2022-05-20T14:47:56","date_gmt":"2022-05-20T12:47:56","guid":{"rendered":"http:\/\/blog.diretto.se\/stage\/?page_id=1121"},"modified":"2022-05-24T10:57:34","modified_gmt":"2022-05-24T08:57:34","slug":"blog","status":"publish","type":"page","link":"https:\/\/blog.diretto.se\/stage\/sv\/blog\/","title":{"rendered":"Blogg"},"content":{"rendered":"\n<div class=\"wp-container-1 wp-block-group\"><div class=\"wp-block-group__inner-container\"><ul class=\"wp-block-latest-posts__list has-dates has-author wp-block-latest-posts\"><li><div class=\"wp-block-latest-posts__featured-image alignleft\"><img width=\"300\" height=\"200\" src=\"https:\/\/blog.diretto.se\/stage\/wp-content\/uploads\/2022\/01\/Nanny-in-Sweden-300x200.jpeg\" class=\"attachment-medium size-medium wp-post-image\" alt=\"\" loading=\"lazy\" style=\"\" srcset=\"https:\/\/blog.diretto.se\/stage\/wp-content\/uploads\/2022\/01\/Nanny-in-Sweden-300x200.jpeg 300w, https:\/\/blog.diretto.se\/stage\/wp-content\/uploads\/2022\/01\/Nanny-in-Sweden-1024x683.jpeg 1024w, https:\/\/blog.diretto.se\/stage\/wp-content\/uploads\/2022\/01\/Nanny-in-Sweden-768x512.jpeg 768w, https:\/\/blog.diretto.se\/stage\/wp-content\/uploads\/2022\/01\/Nanny-in-Sweden-1536x1024.jpeg 1536w, https:\/\/blog.diretto.se\/stage\/wp-content\/uploads\/2022\/01\/Nanny-in-Sweden-2048x1365.jpeg 2048w, https:\/\/blog.diretto.se\/stage\/wp-content\/uploads\/2022\/01\/Nanny-in-Sweden-525x350.jpeg 525w, https:\/\/blog.diretto.se\/stage\/wp-content\/uploads\/2022\/01\/Nanny-in-Sweden-105x70.jpeg 105w\" sizes=\"(max-width: 300px) 100vw, 300px\" \/><\/div><a class=\"wp-block-latest-posts__post-title\" href=\"https:\/\/blog.diretto.se\/stage\/it\/stipendio-e-detrazione-fiscale-per-una-baby-sitter-in-svezia\/\">Stipendio e detrazione fiscale per una baby-sitter in Svezia<\/a><div class=\"wp-block-latest-posts__post-author\">av Johan Schweitz<\/div><time datetime=\"2022-05-24T11:54:25+02:00\" class=\"wp-block-latest-posts__post-date\">2022-05-24<\/time><div class=\"wp-block-latest-posts__post-excerpt\">Sei arrivato recentemente in Svezia e stai pensando di assumere una baby-sitter per i tuoi figli? O hai intenzione di trasferirti in Svezia e portare con te la tua baby-sitter? Diretto.se \u00e8 un ufficio paghe digitale per le persone che assumono un aiuto a casa. Ti spiegheremo cosa devi sapere, come funziona pagare lo stipendio e le tasse per la tua baby-sitter in Svezia. Inoltre, [&hellip;]<\/div><\/li>\n<li><div class=\"wp-block-latest-posts__featured-image alignleft\"><img width=\"300\" height=\"200\" src=\"https:\/\/blog.diretto.se\/stage\/wp-content\/uploads\/2022\/01\/Nanny-in-Sweden-300x200.jpeg\" class=\"attachment-medium size-medium wp-post-image\" alt=\"\" loading=\"lazy\" style=\"\" srcset=\"https:\/\/blog.diretto.se\/stage\/wp-content\/uploads\/2022\/01\/Nanny-in-Sweden-300x200.jpeg 300w, https:\/\/blog.diretto.se\/stage\/wp-content\/uploads\/2022\/01\/Nanny-in-Sweden-1024x683.jpeg 1024w, https:\/\/blog.diretto.se\/stage\/wp-content\/uploads\/2022\/01\/Nanny-in-Sweden-768x512.jpeg 768w, https:\/\/blog.diretto.se\/stage\/wp-content\/uploads\/2022\/01\/Nanny-in-Sweden-1536x1024.jpeg 1536w, https:\/\/blog.diretto.se\/stage\/wp-content\/uploads\/2022\/01\/Nanny-in-Sweden-2048x1365.jpeg 2048w, https:\/\/blog.diretto.se\/stage\/wp-content\/uploads\/2022\/01\/Nanny-in-Sweden-525x350.jpeg 525w, https:\/\/blog.diretto.se\/stage\/wp-content\/uploads\/2022\/01\/Nanny-in-Sweden-105x70.jpeg 105w\" sizes=\"(max-width: 300px) 100vw, 300px\" \/><\/div><a class=\"wp-block-latest-posts__post-title\" href=\"https:\/\/blog.diretto.se\/stage\/en\/salary-and-tax-deduction-for-a-nanny-in-sweden\/\">Salary and tax deduction for a nanny in Sweden<\/a><div class=\"wp-block-latest-posts__post-author\">av Diretto<\/div><time datetime=\"2022-05-22T16:54:00+02:00\" class=\"wp-block-latest-posts__post-date\">2022-05-22<\/time><div class=\"wp-block-latest-posts__post-excerpt\">Are you new in Sweden and considering hiring a nanny for your kids? Or are you planning on moving to Sweden and bringing your nanny along? Diretto.se is a digital payroll bureau for people who hire help at home. We will explain what you need to know about, paying salary and tax for your nanny in Sweden. Also, did you know that you can get [&hellip;]<\/div><\/li>\n<li><div class=\"wp-block-latest-posts__featured-image alignleft\"><img width=\"300\" height=\"200\" src=\"https:\/\/blog.diretto.se\/stage\/wp-content\/uploads\/2022\/05\/Anstalla-ukrainsk-flykting-300x200.jpeg\" class=\"attachment-medium size-medium wp-post-image\" alt=\"\" loading=\"lazy\" style=\"\" srcset=\"https:\/\/blog.diretto.se\/stage\/wp-content\/uploads\/2022\/05\/Anstalla-ukrainsk-flykting-300x200.jpeg 300w, https:\/\/blog.diretto.se\/stage\/wp-content\/uploads\/2022\/05\/Anstalla-ukrainsk-flykting-1024x683.jpeg 1024w, https:\/\/blog.diretto.se\/stage\/wp-content\/uploads\/2022\/05\/Anstalla-ukrainsk-flykting-768x512.jpeg 768w, https:\/\/blog.diretto.se\/stage\/wp-content\/uploads\/2022\/05\/Anstalla-ukrainsk-flykting-1536x1024.jpeg 1536w, https:\/\/blog.diretto.se\/stage\/wp-content\/uploads\/2022\/05\/Anstalla-ukrainsk-flykting-2048x1365.jpeg 2048w, https:\/\/blog.diretto.se\/stage\/wp-content\/uploads\/2022\/05\/Anstalla-ukrainsk-flykting-525x350.jpeg 525w, https:\/\/blog.diretto.se\/stage\/wp-content\/uploads\/2022\/05\/Anstalla-ukrainsk-flykting-105x70.jpeg 105w\" sizes=\"(max-width: 300px) 100vw, 300px\" \/><\/div><a class=\"wp-block-latest-posts__post-title\" href=\"https:\/\/blog.diretto.se\/stage\/en\/how-to-employ-an-ucrainian-refugee-as-a-private-induvidual\/\">How to employ an Ukrainian refugee as a private indvidual<\/a><div class=\"wp-block-latest-posts__post-author\">av Johan Schweitz<\/div><time datetime=\"2022-05-17T09:46:54+02:00\" class=\"wp-block-latest-posts__post-date\">2022-05-17<\/time><div class=\"wp-block-latest-posts__post-excerpt\">We get a lot of questions about what applies when you as a private person are to employ a Ukrainian refugee. In many Facebook groups, Ukrainian refugees offer their services, for example with gardening or housework. Do you have a job to offer but have thought about how to handle the payment so that it will be white and nice? It is actually easier than [&hellip;]<\/div><\/li>\n<li><div class=\"wp-block-latest-posts__featured-image alignleft\"><img width=\"300\" height=\"200\" src=\"https:\/\/blog.diretto.se\/stage\/wp-content\/uploads\/2022\/05\/Anstalla-ukrainsk-flykting-300x200.jpeg\" class=\"attachment-medium size-medium wp-post-image\" alt=\"\" loading=\"lazy\" style=\"\" srcset=\"https:\/\/blog.diretto.se\/stage\/wp-content\/uploads\/2022\/05\/Anstalla-ukrainsk-flykting-300x200.jpeg 300w, https:\/\/blog.diretto.se\/stage\/wp-content\/uploads\/2022\/05\/Anstalla-ukrainsk-flykting-1024x683.jpeg 1024w, https:\/\/blog.diretto.se\/stage\/wp-content\/uploads\/2022\/05\/Anstalla-ukrainsk-flykting-768x512.jpeg 768w, https:\/\/blog.diretto.se\/stage\/wp-content\/uploads\/2022\/05\/Anstalla-ukrainsk-flykting-1536x1024.jpeg 1536w, https:\/\/blog.diretto.se\/stage\/wp-content\/uploads\/2022\/05\/Anstalla-ukrainsk-flykting-2048x1365.jpeg 2048w, https:\/\/blog.diretto.se\/stage\/wp-content\/uploads\/2022\/05\/Anstalla-ukrainsk-flykting-525x350.jpeg 525w, https:\/\/blog.diretto.se\/stage\/wp-content\/uploads\/2022\/05\/Anstalla-ukrainsk-flykting-105x70.jpeg 105w\" sizes=\"(max-width: 300px) 100vw, 300px\" \/><\/div><a class=\"wp-block-latest-posts__post-title\" href=\"https:\/\/blog.diretto.se\/stage\/sv\/sa-kan-du-som-privatperson-anstalla-en-ukrainsk-flykting\/\">S\u00e5 kan du som privatperson anst\u00e4lla en ukrainsk flykting<\/a><div class=\"wp-block-latest-posts__post-author\">av Diretto<\/div><time datetime=\"2022-05-09T11:12:09+02:00\" class=\"wp-block-latest-posts__post-date\">2022-05-09<\/time><div class=\"wp-block-latest-posts__post-excerpt\">Vi f\u00e5r mycket fr\u00e5gor om vad som g\u00e4ller n\u00e4r man som privatperson ska anst\u00e4lla en ukrainsk flykting. I m\u00e5nga Facebook grupper erbjuder ukrainska flyktingar sina tj\u00e4nster t ex med tr\u00e4dg\u00e5rdsarbete eller hush\u00e5llsarbete. Har du ett jobb att erbjuda men har funderat \u00f6ver hur du ska hantera betalningen f\u00f6r att det ska bli vitt och schysst? Det \u00e4r faktiskt enklare \u00e4n man kan tro f\u00f6r en [&hellip;]<\/div><\/li>\n<li><div class=\"wp-block-latest-posts__featured-image alignleft\"><img width=\"300\" height=\"200\" src=\"https:\/\/blog.diretto.se\/stage\/wp-content\/uploads\/2022\/01\/Pappa-passar-barn-300x200.jpeg\" class=\"attachment-medium size-medium wp-post-image\" alt=\"\" loading=\"lazy\" style=\"\" srcset=\"https:\/\/blog.diretto.se\/stage\/wp-content\/uploads\/2022\/01\/Pappa-passar-barn-300x200.jpeg 300w, https:\/\/blog.diretto.se\/stage\/wp-content\/uploads\/2022\/01\/Pappa-passar-barn-1024x683.jpeg 1024w, https:\/\/blog.diretto.se\/stage\/wp-content\/uploads\/2022\/01\/Pappa-passar-barn-768x512.jpeg 768w, https:\/\/blog.diretto.se\/stage\/wp-content\/uploads\/2022\/01\/Pappa-passar-barn-1536x1024.jpeg 1536w, https:\/\/blog.diretto.se\/stage\/wp-content\/uploads\/2022\/01\/Pappa-passar-barn-2048x1365.jpeg 2048w, https:\/\/blog.diretto.se\/stage\/wp-content\/uploads\/2022\/01\/Pappa-passar-barn-525x350.jpeg 525w, https:\/\/blog.diretto.se\/stage\/wp-content\/uploads\/2022\/01\/Pappa-passar-barn-105x70.jpeg 105w\" sizes=\"(max-width: 300px) 100vw, 300px\" \/><\/div><a class=\"wp-block-latest-posts__post-title\" href=\"https:\/\/blog.diretto.se\/stage\/sv\/slipp-vab-anstall-en-inneboende-nanny\/\">Inneboende nanny l\u00f6ste VAB-pusslet<\/a><div class=\"wp-block-latest-posts__post-author\">av Diretto<\/div><time datetime=\"2022-01-29T20:46:17+02:00\" class=\"wp-block-latest-posts__post-date\">2022-01-29<\/time><div class=\"wp-block-latest-posts__post-excerpt\">\u00c4r du en av m\u00e5nga f\u00f6r\u00e4ldrar som h\u00e5ller p\u00e5 att bli galen p\u00e5 allt vabbande? I covidtider r\u00e4cker det med n\u00e5gra droppar snor och s\u00e5 kommer samtalet fr\u00e5n f\u00f6rskolan eller skolan. F\u00f6rutom att skapa ett h\u00e5l i ekonomin s\u00e5 kan vab skapa stress kopplat till jobbet. Vissa v\u00e4ljer att tacka nej till sp\u00e4nnande jobberbjudanden under sm\u00e5barns\u00e5ren. Men, har du r\u00e5d och har du ett rum [&hellip;]<\/div><\/li>\n<\/ul><\/div><\/div>\n\n\n\n<p><\/p>\n","protected":false},"excerpt":{"rendered":"<p><\/p>","protected":false},"author":4,"featured_media":0,"parent":0,"menu_order":0,"comment_status":"closed","ping_status":"closed","template":"","meta":[],"yoast_head":"<!-- This site is optimized with the Yoast SEO Premium plugin v17.9 (Yoast SEO v20.2.1) - https:\/\/yoast.com\/wordpress\/plugins\/seo\/ -->\n<title>Blogg &ndash; Diretto Blogg Staging<\/title>\n<meta name=\"robots\" content=\"noindex, follow, max-snippet:-1, max-image-preview:large, max-video-preview:-1\" \/>\n<meta property=\"og:locale\" content=\"sv_SE\" \/>\n<meta property=\"og:type\" content=\"article\" \/>\n<meta property=\"og:title\" content=\"Blogg\" \/>\n<meta property=\"og:url\" content=\"https:\/\/blog.diretto.se\/stage\/sv\/blog\/\" \/>\n<meta property=\"og:site_name\" content=\"Diretto Blogg Staging\" \/>\n<meta property=\"article:publisher\" content=\"https:\/\/www.facebook.com\/direttoemploymentservices\/\" \/>\n<meta property=\"article:modified_time\" content=\"2022-05-24T08:57:34+00:00\" \/>\n<meta property=\"og:image\" content=\"https:\/\/blog.diretto.se\/stage\/wp-content\/uploads\/2019\/11\/AdobeStock_289181396-e1572876071492.jpeg\" \/>\n\t<meta property=\"og:image:width\" content=\"1024\" \/>\n\t<meta property=\"og:image:height\" content=\"682\" \/>\n\t<meta property=\"og:image:type\" content=\"image\/jpeg\" \/>\n<meta name=\"twitter:card\" content=\"summary_large_image\" \/>\n<meta name=\"twitter:site\" content=\"@Direttoemploy\" \/>\n<script type=\"application\/ld+json\" class=\"yoast-schema-graph\">{\"@context\":\"https:\/\/schema.org\",\"@graph\":[{\"@type\":\"WebPage\",\"@id\":\"https:\/\/blog.diretto.se\/stage\/sv\/blog\/\",\"url\":\"https:\/\/blog.diretto.se\/stage\/sv\/blog\/\",\"name\":\"Blogg &ndash; Diretto Blogg Staging\",\"isPartOf\":{\"@id\":\"https:\/\/blog.diretto.se\/stage\/#website\"},\"datePublished\":\"2022-05-20T12:47:56+00:00\",\"dateModified\":\"2022-05-24T08:57:34+00:00\",\"breadcrumb\":{\"@id\":\"https:\/\/blog.diretto.se\/stage\/sv\/blog\/#breadcrumb\"},\"inLanguage\":\"sv-SE\",\"potentialAction\":[{\"@type\":\"ReadAction\",\"target\":[\"https:\/\/blog.diretto.se\/stage\/sv\/blog\/\"]}]},{\"@type\":\"BreadcrumbList\",\"@id\":\"https:\/\/blog.diretto.se\/stage\/sv\/blog\/#breadcrumb\",\"itemListElement\":[{\"@type\":\"ListItem\",\"position\":1,\"name\":\"Hem\",\"item\":\"https:\/\/blog.diretto.se\/stage\/sv\/blog\/\"},{\"@type\":\"ListItem\",\"position\":2,\"name\":\"Blogg\"}]},{\"@type\":\"WebSite\",\"@id\":\"https:\/\/blog.diretto.se\/stage\/#website\",\"url\":\"https:\/\/blog.diretto.se\/stage\/\",\"name\":\"Diretto L\u00f6nebyr\u00e5 f\u00f6r privatpersoner\",\"description\":\"Artiklar om att betala l\u00f6n som privatperson\",\"publisher\":{\"@id\":\"https:\/\/blog.diretto.se\/stage\/#organization\"},\"potentialAction\":[{\"@type\":\"SearchAction\",\"target\":{\"@type\":\"EntryPoint\",\"urlTemplate\":\"https:\/\/blog.diretto.se\/stage\/?s={search_term_string}\"},\"query-input\":\"required name=search_term_string\"}],\"inLanguage\":\"sv-SE\"},{\"@type\":\"Organization\",\"@id\":\"https:\/\/blog.diretto.se\/stage\/#organization\",\"name\":\"Diretto\",\"url\":\"https:\/\/blog.diretto.se\/stage\/\",\"logo\":{\"@type\":\"ImageObject\",\"inLanguage\":\"sv-SE\",\"@id\":\"https:\/\/blog.diretto.se\/stage\/#\/schema\/logo\/image\/\",\"url\":\"http:\/\/blog.diretto.se\/stage\/wp-content\/uploads\/2019\/10\/Diretto-logo.png\",\"contentUrl\":\"http:\/\/blog.diretto.se\/stage\/wp-content\/uploads\/2019\/10\/Diretto-logo.png\",\"width\":243,\"height\":44,\"caption\":\"Diretto\"},\"image\":{\"@id\":\"https:\/\/blog.diretto.se\/stage\/#\/schema\/logo\/image\/\"},\"sameAs\":[\"https:\/\/www.facebook.com\/direttoemploymentservices\/\",\"https:\/\/twitter.com\/Direttoemploy\",\"https:\/\/www.instagram.com\/direttoemploy\/\",\"https:\/\/www.linkedin.com\/company\/11266709\"]}]}<\/script>\n<!-- \/ Yoast SEO Premium plugin. -->","yoast_head_json":{"title":"Blogg &ndash; Diretto Blogg Staging","robots":{"index":"noindex","follow":"follow","max-snippet":"max-snippet:-1","max-image-preview":"max-image-preview:large","max-video-preview":"max-video-preview:-1"},"og_locale":"sv_SE","og_type":"article","og_title":"Blogg","og_url":"https:\/\/blog.diretto.se\/stage\/sv\/blog\/","og_site_name":"Diretto Blogg Staging","article_publisher":"https:\/\/www.facebook.com\/direttoemploymentservices\/","article_modified_time":"2022-05-24T08:57:34+00:00","og_image":[{"width":1024,"height":682,"url":"https:\/\/blog.diretto.se\/stage\/wp-content\/uploads\/2019\/11\/AdobeStock_289181396-e1572876071492.jpeg","type":"image\/jpeg"}],"twitter_card":"summary_large_image","twitter_site":"@Direttoemploy","schema":{"@context":"https:\/\/schema.org","@graph":[{"@type":"WebPage","@id":"https:\/\/blog.diretto.se\/stage\/sv\/blog\/","url":"https:\/\/blog.diretto.se\/stage\/sv\/blog\/","name":"Blogg &ndash; Diretto Blogg Staging","isPartOf":{"@id":"https:\/\/blog.diretto.se\/stage\/#website"},"datePublished":"2022-05-20T12:47:56+00:00","dateModified":"2022-05-24T08:57:34+00:00","breadcrumb":{"@id":"https:\/\/blog.diretto.se\/stage\/sv\/blog\/#breadcrumb"},"inLanguage":"sv-SE","potentialAction":[{"@type":"ReadAction","target":["https:\/\/blog.diretto.se\/stage\/sv\/blog\/"]}]},{"@type":"BreadcrumbList","@id":"https:\/\/blog.diretto.se\/stage\/sv\/blog\/#breadcrumb","itemListElement":[{"@type":"ListItem","position":1,"name":"Hem","item":"https:\/\/blog.diretto.se\/stage\/sv\/blog\/"},{"@type":"ListItem","position":2,"name":"Blogg"}]},{"@type":"WebSite","@id":"https:\/\/blog.diretto.se\/stage\/#website","url":"https:\/\/blog.diretto.se\/stage\/","name":"Diretto L\u00f6nebyr\u00e5 f\u00f6r privatpersoner","description":"Artiklar om att betala l\u00f6n som privatperson","publisher":{"@id":"https:\/\/blog.diretto.se\/stage\/#organization"},"potentialAction":[{"@type":"SearchAction","target":{"@type":"EntryPoint","urlTemplate":"https:\/\/blog.diretto.se\/stage\/?s={search_term_string}"},"query-input":"required name=search_term_string"}],"inLanguage":"sv-SE"},{"@type":"Organization","@id":"https:\/\/blog.diretto.se\/stage\/#organization","name":"Diretto","url":"https:\/\/blog.diretto.se\/stage\/","logo":{"@type":"ImageObject","inLanguage":"sv-SE","@id":"https:\/\/blog.diretto.se\/stage\/#\/schema\/logo\/image\/","url":"http:\/\/blog.diretto.se\/stage\/wp-content\/uploads\/2019\/10\/Diretto-logo.png","contentUrl":"http:\/\/blog.diretto.se\/stage\/wp-content\/uploads\/2019\/10\/Diretto-logo.png","width":243,"height":44,"caption":"Diretto"},"image":{"@id":"https:\/\/blog.diretto.se\/stage\/#\/schema\/logo\/image\/"},"sameAs":["https:\/\/www.facebook.com\/direttoemploymentservices\/","https:\/\/twitter.com\/Direttoemploy","https:\/\/www.instagram.com\/direttoemploy\/","https:\/\/www.linkedin.com\/company\/11266709"]}]}},"_links":{"self":[{"href":"https:\/\/blog.diretto.se\/stage\/wp-json\/wp\/v2\/pages\/1121"}],"collection":[{"href":"https:\/\/blog.diretto.se\/stage\/wp-json\/wp\/v2\/pages"}],"about":[{"href":"https:\/\/blog.diretto.se\/stage\/wp-json\/wp\/v2\/types\/page"}],"author":[{"embeddable":true,"href":"https:\/\/blog.diretto.se\/stage\/wp-json\/wp\/v2\/users\/4"}],"replies":[{"embeddable":true,"href":"https:\/\/blog.diretto.se\/stage\/wp-json\/wp\/v2\/comments?post=1121"}],"version-history":[{"count":6,"href":"https:\/\/blog.diretto.se\/stage\/wp-json\/wp\/v2\/pages\/1121\/revisions"}],"predecessor-version":[{"id":1188,"href":"https:\/\/blog.diretto.se\/stage\/wp-json\/wp\/v2\/pages\/1121\/revisions\/1188"}],"wp:attachment":[{"href":"https:\/\/blog.diretto.se\/stage\/wp-json\/wp\/v2\/media?parent=1121"}],"curies":[{"name":"wp","href":"https:\/\/api.w.org\/{rel}","templated":true}]}}